{"id":1092,"date":"2019-10-31T12:00:39","date_gmt":"2019-10-31T12:00:39","guid":{"rendered":"https:\/\/elinortekas.se\/?page_id=1092"},"modified":"2020-05-11T11:16:24","modified_gmt":"2020-05-11T11:16:24","slug":"samtalsterapi","status":"publish","type":"page","link":"https:\/\/elinortekas.se\/en\/therapy\/","title":{"rendered":"Therapy and counseling in Stockholm or online"},"content":{"rendered":"<p>Psychotherapy-Counseling can be a healthy start to look at life patterns and challenges within yourself, in relationships, work and other areas of life.<\/p>\n\n\n\n<h3 class=\"wp-block-heading\"><strong>Here are some situations where I as a counselor can be of help:<\/strong><\/h3>\n\n\n\n<div style=\"height:20px\" aria-hidden=\"true\" class=\"wp-block-spacer\"><\/div>\n\n\n\n<ul class=\"wp-block-list\"><li>You feel stressed with family issues and have difficulty finding solutions<\/li><li>You want to engage in personal growth and development<\/li><li>Your life feels empty and meaningless<\/li><li>You have experienced traumatic or very frightening situations and feel stuck<\/li><li>You experience anxiety and\/or depression (sadness) and have difficulty handling your daily life<\/li><li>You want to improve your relationship with your partner<\/li><li>You have low self-esteem<\/li><li>You have difficutly sleeping<\/li><li>You experience a lot of guilt and shame<\/li><li>You suffer from nightmares, feel easily overwhelmed and have difficulty handling your daily life<\/li><\/ul>\n\n\n\n<h3 class=\"wp-block-heading\">Therapy on your terms<\/h3>\n\n\n\n<p>As a client you enter into counseling completely based on your own free will and may continue as long as you find it meaningful.<\/p>","protected":false},"excerpt":{"rendered":"<p>Psykoterapi och samtalsterapi kan vara en trygg b\u00f6rjan att b\u00f6rja f\u00f6rst\u00e5 v\u00e5ra inre livsm\u00f6nster, hur vi handskas med v\u00e5ra liv inom relationer, arbete, intressen och sv\u00e5ra upplevelser. H\u00e4r \u00e4r n\u00e5gra situationer d\u00e4r jag som psykoterapeut kan hj\u00e4lpa till: Du k\u00e4nner dig stressad med familj, arbete och har sv\u00e5rt att finna l\u00f6sningar Du vill utveckla och [&hellip;]<\/p>\n","protected":false},"author":2,"featured_media":1684,"parent":0,"menu_order":0,"comment_status":"closed","ping_status":"closed","template":"","meta":{"_acf_changed":false,"site-sidebar-layout":"default","site-content-layout":"default","ast-site-content-layout":"default","site-content-style":"default","site-sidebar-style":"default","ast-global-header-display":"","ast-banner-title-visibility":"","ast-main-header-display":"","ast-hfb-above-header-display":"","ast-hfb-below-header-display":"","ast-hfb-mobile-header-display":"","site-post-title":"","ast-breadcrumbs-content":"","ast-featured-img":"","footer-sml-layout":"","ast-disable-related-posts":"","theme-transparent-header-meta":"default","adv-header-id-meta":"","stick-header-meta":"default","header-above-stick-meta":"","header-main-stick-meta":"","header-below-stick-meta":"","astra-migrate-meta-layouts":"default","ast-page-background-enabled":"default","ast-page-background-meta":{"desktop":{"background-color":"","background-image":"","background-repeat":"repeat","background-position":"center center","background-size":"auto","background-attachment":"scroll","background-type":"","background-media":"","overlay-type":"","overlay-color":"","overlay-opacity":"","overlay-gradient":""},"tablet":{"background-color":"","background-image":"","background-repeat":"repeat","background-position":"center center","background-size":"auto","background-attachment":"scroll","background-type":"","background-media":"","overlay-type":"","overlay-color":"","overlay-opacity":"","overlay-gradient":""},"mobile":{"background-color":"","background-image":"","background-repeat":"repeat","background-position":"center center","background-size":"auto","background-attachment":"scroll","background-type":"","background-media":"","overlay-type":"","overlay-color":"","overlay-opacity":"","overlay-gradient":""}},"ast-content-background-meta":{"desktop":{"background-color":"var(--ast-global-color-5)","background-image":"","background-repeat":"repeat","background-position":"center center","background-size":"auto","background-attachment":"scroll","background-type":"","background-media":"","overlay-type":"","overlay-color":"","overlay-opacity":"","overlay-gradient":""},"tablet":{"background-color":"var(--ast-global-color-5)","background-image":"","background-repeat":"repeat","background-position":"center center","background-size":"auto","background-attachment":"scroll","background-type":"","background-media":"","overlay-type":"","overlay-color":"","overlay-opacity":"","overlay-gradient":""},"mobile":{"background-color":"var(--ast-global-color-5)","background-image":"","background-repeat":"repeat","background-position":"center center","background-size":"auto","background-attachment":"scroll","background-type":"","background-media":"","overlay-type":"","overlay-color":"","overlay-opacity":"","overlay-gradient":""}},"footnotes":""},"class_list":["post-1092","page","type-page","status-publish","has-post-thumbnail","hentry"],"acf":[],"_links":{"self":[{"href":"https:\/\/elinortekas.se\/en\/wp-json\/wp\/v2\/pages\/1092","targetHints":{"allow":["GET"]}}],"collection":[{"href":"https:\/\/elinortekas.se\/en\/wp-json\/wp\/v2\/pages"}],"about":[{"href":"https:\/\/elinortekas.se\/en\/wp-json\/wp\/v2\/types\/page"}],"author":[{"embeddable":true,"href":"https:\/\/elinortekas.se\/en\/wp-json\/wp\/v2\/users\/2"}],"replies":[{"embeddable":true,"href":"https:\/\/elinortekas.se\/en\/wp-json\/wp\/v2\/comments?post=1092"}],"version-history":[{"count":0,"href":"https:\/\/elinortekas.se\/en\/wp-json\/wp\/v2\/pages\/1092\/revisions"}],"wp:featuredmedia":[{"embeddable":true,"href":"https:\/\/elinortekas.se\/en\/wp-json\/wp\/v2\/media\/1684"}],"wp:attachment":[{"href":"https:\/\/elinortekas.se\/en\/wp-json\/wp\/v2\/media?parent=1092"}],"curies":[{"name":"wp","href":"https:\/\/api.w.org\/{rel}","templated":true}]}}