{"id":1830,"date":"2020-05-01T08:16:23","date_gmt":"2020-05-01T08:16:23","guid":{"rendered":"https:\/\/elinortekas.se\/?page_id=1830"},"modified":"2020-05-09T12:26:52","modified_gmt":"2020-05-09T12:26:52","slug":"m-bit-coaching","status":"publish","type":"page","link":"https:\/\/elinortekas.se\/en\/m-bit-coaching\/","title":{"rendered":"m-BIT coaching"},"content":{"rendered":"<p>m-BIT, multiple Integration Brain Techniques- is based upon neurological research that shows that we have complex, functional brains in the heart and stomach areas of the body. <\/p>\n\n\n\n<p>Neuroscience introduces the cardiological brain and the enteric brain and they both have much more autonomy than was previous thought.  When we experience conflict such as the heart wants one thing but the gut feeling says something different, it means from an m-BIT perspective that the heart and stomach neural networks are not integrated and balanced. <\/p>\n\n\n\n<p>m-BIT coaching helps to integrate the three neural networks in the brain, heart and gut.  With increased integration can each person increased ability to follow his\/her intuition, trust his\/her innate competencies and use them. Trust in the self strengthens.<\/p>","protected":false},"excerpt":{"rendered":"<p>m-BIT \u2013Multiple Brain Integration Techniques- \u00e4r baserat p\u00e5 neurologisk forskning som har p\u00e5visat att vi har komplexa och funktionella hj\u00e4rnor b\u00e5de i hj\u00e4rtat och mag\/tarmomr\u00e5det. Neurovetenskapen introducerar att vi har en enterisk hj\u00e4rna och en kardiologisk hj\u00e4rna som b\u00e5da har mycket mer autonomi \u00e4n vad som tidigare har uppfattats. N\u00e4r vi upplever konflikter som t.ex [&hellip;]<\/p>\n","protected":false},"author":2,"featured_media":2043,"parent":0,"menu_order":0,"comment_status":"closed","ping_status":"closed","template":"","meta":{"_acf_changed":false,"site-sidebar-layout":"default","site-content-layout":"default","ast-site-content-layout":"default","site-content-style":"default","site-sidebar-style":"default","ast-global-header-display":"","ast-banner-title-visibility":"","ast-main-header-display":"","ast-hfb-above-header-display":"","ast-hfb-below-header-display":"","ast-hfb-mobile-header-display":"","site-post-title":"","ast-breadcrumbs-content":"","ast-featured-img":"","footer-sml-layout":"","ast-disable-related-posts":"","theme-transparent-header-meta":"default","adv-header-id-meta":"","stick-header-meta":"","header-above-stick-meta":"","header-main-stick-meta":"","header-below-stick-meta":"","astra-migrate-meta-layouts":"default","ast-page-background-enabled":"default","ast-page-background-meta":{"desktop":{"background-color":"","background-image":"","background-repeat":"repeat","background-position":"center center","background-size":"auto","background-attachment":"scroll","background-type":"","background-media":"","overlay-type":"","overlay-color":"","overlay-opacity":"","overlay-gradient":""},"tablet":{"background-color":"","background-image":"","background-repeat":"repeat","background-position":"center center","background-size":"auto","background-attachment":"scroll","background-type":"","background-media":"","overlay-type":"","overlay-color":"","overlay-opacity":"","overlay-gradient":""},"mobile":{"background-color":"","background-image":"","background-repeat":"repeat","background-position":"center center","background-size":"auto","background-attachment":"scroll","background-type":"","background-media":"","overlay-type":"","overlay-color":"","overlay-opacity":"","overlay-gradient":""}},"ast-content-background-meta":{"desktop":{"background-color":"var(--ast-global-color-5)","background-image":"","background-repeat":"repeat","background-position":"center center","background-size":"auto","background-attachment":"scroll","background-type":"","background-media":"","overlay-type":"","overlay-color":"","overlay-opacity":"","overlay-gradient":""},"tablet":{"background-color":"var(--ast-global-color-5)","background-image":"","background-repeat":"repeat","background-position":"center center","background-size":"auto","background-attachment":"scroll","background-type":"","background-media":"","overlay-type":"","overlay-color":"","overlay-opacity":"","overlay-gradient":""},"mobile":{"background-color":"var(--ast-global-color-5)","background-image":"","background-repeat":"repeat","background-position":"center center","background-size":"auto","background-attachment":"scroll","background-type":"","background-media":"","overlay-type":"","overlay-color":"","overlay-opacity":"","overlay-gradient":""}},"footnotes":""},"class_list":["post-1830","page","type-page","status-publish","has-post-thumbnail","hentry"],"acf":[],"_links":{"self":[{"href":"https:\/\/elinortekas.se\/en\/wp-json\/wp\/v2\/pages\/1830","targetHints":{"allow":["GET"]}}],"collection":[{"href":"https:\/\/elinortekas.se\/en\/wp-json\/wp\/v2\/pages"}],"about":[{"href":"https:\/\/elinortekas.se\/en\/wp-json\/wp\/v2\/types\/page"}],"author":[{"embeddable":true,"href":"https:\/\/elinortekas.se\/en\/wp-json\/wp\/v2\/users\/2"}],"replies":[{"embeddable":true,"href":"https:\/\/elinortekas.se\/en\/wp-json\/wp\/v2\/comments?post=1830"}],"version-history":[{"count":0,"href":"https:\/\/elinortekas.se\/en\/wp-json\/wp\/v2\/pages\/1830\/revisions"}],"wp:featuredmedia":[{"embeddable":true,"href":"https:\/\/elinortekas.se\/en\/wp-json\/wp\/v2\/media\/2043"}],"wp:attachment":[{"href":"https:\/\/elinortekas.se\/en\/wp-json\/wp\/v2\/media?parent=1830"}],"curies":[{"name":"wp","href":"https:\/\/api.w.org\/{rel}","templated":true}]}}