{"id":2130,"date":"2022-06-13T10:07:31","date_gmt":"2022-06-13T10:07:31","guid":{"rendered":"https:\/\/elinortekas.se\/?page_id=2130"},"modified":"2022-06-13T10:07:32","modified_gmt":"2022-06-13T10:07:32","slug":"sjalvkunskap","status":"publish","type":"page","link":"https:\/\/elinortekas.se\/en\/self-knowledge\/","title":{"rendered":"Self Knowledge"},"content":{"rendered":"<p>To build up trust, loving kindness, and respect for oneself despite perhaps many outer and inner challenges can seem like a daunting task, especially if one hasn\u2019t necessarily experienced those when growing up.  Or, situations and circumstances in adult life has been so painful that one\u2019s inner trust and safety has been lost on the way. <\/p>\n\n\n\n<p>Thoughts like \u00a8 I am not good enough, I only make things wrong, I am worthless,  connected with depressive and\/or anxious states can be so strong and overwhelming that one can get stuck there.  Lifespan helps to explore, process and neutralize disturbing memories as well as opens the door to building  and improving self-worth, self-respect.<\/p>\n\n\n\n<p>Self Knowledge, where self-worth and self confidence are explored and anchored, is an important therapeutic process where you can relearn and stand safely in the self knowledge of who you are. <\/p>\n\n\n\n<p>You can land in a greater understanding of yourself, your personal \u00a8 I \u00a8, where you have the right to be who you are. <\/p>\n\n\n\n<p>Knowledge of the 5 elements, originating in Chinese medicine and developed as a basis for personality knowledge in the Eden Energy Medicine program will be used as part of the therapeutic process.  With journaling, exercises as well as talk therapy,  you will be invited into exploring and strengthening your personal \u00a8 I \u00a8 with safety in mind. <a rel=\"noreferrer noopener\" href=\"https:\/\/edenmethod.com\/\" data-type=\"URL\" data-id=\"https:\/\/edenmethod.com\/\" target=\"_blank\">Eden Energy Medicine<\/a> will be used as part of the therapeutic process.  With journaling, exercises as well as talk therapy,  you will be invited into exploring and strengthening your personal \u00a8 I \u00a8 with safety in mind.<\/p>","protected":false},"excerpt":{"rendered":"<p>Att bygga upp tillit, omt\u00e4nksamhet, respekt till sig sj\u00e4lv trots m\u00e5nga inre och yttre motg\u00e5ngar kan ofta k\u00e4nnas som ett digert och diffust arbete d\u00e5 man kanske inte har upplevt dessa egenskaper i sin uppv\u00e4xt. Eller s\u00e5 har situationer och omst\u00e4ndigheter i vuxen \u00e5lder varit s\u00e5 omskakande att tilliten och tryggheten till sig sj\u00e4lv har [&hellip;]<\/p>\n","protected":false},"author":2,"featured_media":1694,"parent":0,"menu_order":0,"comment_status":"closed","ping_status":"closed","template":"","meta":{"_acf_changed":false,"site-sidebar-layout":"default","site-content-layout":"default","ast-site-content-layout":"default","site-content-style":"default","site-sidebar-style":"default","ast-global-header-display":"","ast-banner-title-visibility":"","ast-main-header-display":"","ast-hfb-above-header-display":"","ast-hfb-below-header-display":"","ast-hfb-mobile-header-display":"","site-post-title":"","ast-breadcrumbs-content":"","ast-featured-img":"","footer-sml-layout":"","ast-disable-related-posts":"","theme-transparent-header-meta":"default","adv-header-id-meta":"","stick-header-meta":"","header-above-stick-meta":"","header-main-stick-meta":"","header-below-stick-meta":"","astra-migrate-meta-layouts":"default","ast-page-background-enabled":"default","ast-page-background-meta":{"desktop":{"background-color":"","background-image":"","background-repeat":"repeat","background-position":"center center","background-size":"auto","background-attachment":"scroll","background-type":"","background-media":"","overlay-type":"","overlay-color":"","overlay-opacity":"","overlay-gradient":""},"tablet":{"background-color":"","background-image":"","background-repeat":"repeat","background-position":"center center","background-size":"auto","background-attachment":"scroll","background-type":"","background-media":"","overlay-type":"","overlay-color":"","overlay-opacity":"","overlay-gradient":""},"mobile":{"background-color":"","background-image":"","background-repeat":"repeat","background-position":"center center","background-size":"auto","background-attachment":"scroll","background-type":"","background-media":"","overlay-type":"","overlay-color":"","overlay-opacity":"","overlay-gradient":""}},"ast-content-background-meta":{"desktop":{"background-color":"var(--ast-global-color-5)","background-image":"","background-repeat":"repeat","background-position":"center center","background-size":"auto","background-attachment":"scroll","background-type":"","background-media":"","overlay-type":"","overlay-color":"","overlay-opacity":"","overlay-gradient":""},"tablet":{"background-color":"var(--ast-global-color-5)","background-image":"","background-repeat":"repeat","background-position":"center center","background-size":"auto","background-attachment":"scroll","background-type":"","background-media":"","overlay-type":"","overlay-color":"","overlay-opacity":"","overlay-gradient":""},"mobile":{"background-color":"var(--ast-global-color-5)","background-image":"","background-repeat":"repeat","background-position":"center center","background-size":"auto","background-attachment":"scroll","background-type":"","background-media":"","overlay-type":"","overlay-color":"","overlay-opacity":"","overlay-gradient":""}},"footnotes":""},"class_list":["post-2130","page","type-page","status-publish","has-post-thumbnail","hentry"],"acf":[],"_links":{"self":[{"href":"https:\/\/elinortekas.se\/en\/wp-json\/wp\/v2\/pages\/2130","targetHints":{"allow":["GET"]}}],"collection":[{"href":"https:\/\/elinortekas.se\/en\/wp-json\/wp\/v2\/pages"}],"about":[{"href":"https:\/\/elinortekas.se\/en\/wp-json\/wp\/v2\/types\/page"}],"author":[{"embeddable":true,"href":"https:\/\/elinortekas.se\/en\/wp-json\/wp\/v2\/users\/2"}],"replies":[{"embeddable":true,"href":"https:\/\/elinortekas.se\/en\/wp-json\/wp\/v2\/comments?post=2130"}],"version-history":[{"count":0,"href":"https:\/\/elinortekas.se\/en\/wp-json\/wp\/v2\/pages\/2130\/revisions"}],"wp:featuredmedia":[{"embeddable":true,"href":"https:\/\/elinortekas.se\/en\/wp-json\/wp\/v2\/media\/1694"}],"wp:attachment":[{"href":"https:\/\/elinortekas.se\/en\/wp-json\/wp\/v2\/media?parent=2130"}],"curies":[{"name":"wp","href":"https:\/\/api.w.org\/{rel}","templated":true}]}}