{"id":420,"date":"2019-02-18T13:07:29","date_gmt":"2019-02-18T13:07:29","guid":{"rendered":"https:\/\/elinortekas.se\/?page_id=420"},"modified":"2020-05-09T12:45:46","modified_gmt":"2020-05-09T12:45:46","slug":"integritetspolicy-cookies","status":"publish","type":"page","link":"https:\/\/elinortekas.se\/en\/policy-cookies\/","title":{"rendered":"Integritetspolicy &#038; Cookies"},"content":{"rendered":"<p>F\u00f6r att kunna erbjuda dig v\u00e5ra tj\u00e4nster beh\u00f6ver vi behandla dina personuppgifter. Vi v\u00e4rnar om din integritet och samlar inte in fler uppgifter \u00e4n vi beh\u00f6ver. Vi s\u00e4ljer aldrig uppgifterna vidare till tredje part.<\/p>\n\n\n\n<p>N\u00e4r du kontaktar oss via mail, sms, onlinevideo eller telefonsamtal sparas dina kontaktuppgifter hos oss. Om du sedan kommer till oss f\u00f6r bes\u00f6k lagras dessa uppgifter likas\u00e5. Syftet med det \u00e4r att vi sedan ska kunna maila- eller ringa dig f\u00f6r att erbjuda samtalstider, \u00e4ndra samtalstider eller f\u00f6r att svara p\u00e5 fr\u00e5gor, samt dessutom kunna s\u00e4nda dig fakturor eller kvitton.<\/p>\n\n\n\n<p>Genom att anv\u00e4nda Elinor Tekas tj\u00e4nster accepterar du v\u00e5r Integritetspolicy och v\u00e5r behandling av dina personuppgifter. Du godk\u00e4nner ocks\u00e5 att vi anv\u00e4nder e-post f\u00f6r att skicka information till dig.&nbsp;<\/p>\n\n\n\n<p>Du har r\u00e4tt att kontakta oss om du vill ha ut information om de uppgifter vi har om dig, f\u00f6r att beg\u00e4ra r\u00e4ttelse, \u00f6verf\u00f6ring eller f\u00f6r att beg\u00e4ra att vi begr\u00e4nsar behandlingen, f\u00f6r att g\u00f6ra inv\u00e4ndningar eller beg\u00e4ra radering av dina uppgifter. Detta g\u00f6r du enklast genom att kontakta oss p\u00e5 mailadress: <a href=\"mailto:kontakt@wordpress-465705-1459401.cloudwaysapps.com\">kontakt@wordpress-465705-1459401.cloudwaysapps.com<\/a>.<\/p>\n\n\n\n<h3 class=\"wp-block-heading\"><strong>Cookies<\/strong><\/h3>\n\n\n\n<p>V\u00e5r webbplats anv\u00e4nder bara s\u00e5 kallade sessionskakor. Kakorna anv\u00e4nds f\u00f6r att identifiera dig som anv\u00e4ndare under sessionen. Om du trots allt inte vill till\u00e5ta cookies kan du v\u00e4gra cookies i din webbl\u00e4sares inst\u00e4llning. Du kan \u00e4ven st\u00e4lla in din webbl\u00e4sare s\u00e5 att den fr\u00e5ga om huruvida kakor ska installeras eller ej.<\/p>\n\n\n\n<h3 class=\"wp-block-heading\"><strong>Vem kontaktar du vid fr\u00e5gor?<\/strong><\/h3>\n\n\n\n<p>Personuppgiftsansvarig \u00e4r Elinor Tekas. Om du har klagom\u00e5l p\u00e5 v\u00e5r behandling av dina personuppgifter har du r\u00e4tt att inge klagom\u00e5l till tillsynsmyndigheten Datainspektionen.<\/p>\n\n\n\n<p>Namn: Elinor Tekas<br>Email: <a href=\"mailto:kontakt@wordpress-465705-1459401.cloudwaysapps.com\">kontakt@wordpress-465705-1459401.cloudwaysapps.com<\/a><br><\/p>","protected":false},"excerpt":{"rendered":"<p>F\u00f6r att kunna erbjuda dig v\u00e5ra tj\u00e4nster beh\u00f6ver vi behandla dina personuppgifter. Vi v\u00e4rnar om din integritet och samlar inte in fler uppgifter \u00e4n vi beh\u00f6ver. Vi s\u00e4ljer aldrig uppgifterna vidare till tredje part. N\u00e4r du kontaktar oss via mail, sms, onlinevideo eller telefonsamtal sparas dina kontaktuppgifter hos oss. Om du sedan kommer till oss [&hellip;]<\/p>\n","protected":false},"author":2,"featured_media":2050,"parent":0,"menu_order":0,"comment_status":"closed","ping_status":"closed","template":"","meta":{"_acf_changed":false,"site-sidebar-layout":"default","site-content-layout":"default","ast-site-content-layout":"default","site-content-style":"default","site-sidebar-style":"default","ast-global-header-display":"","ast-banner-title-visibility":"","ast-main-header-display":"","ast-hfb-above-header-display":"","ast-hfb-below-header-display":"","ast-hfb-mobile-header-display":"","site-post-title":"","ast-breadcrumbs-content":"","ast-featured-img":"","footer-sml-layout":"","ast-disable-related-posts":"","theme-transparent-header-meta":"default","adv-header-id-meta":"","stick-header-meta":"default","header-above-stick-meta":"","header-main-stick-meta":"","header-below-stick-meta":"","astra-migrate-meta-layouts":"default","ast-page-background-enabled":"default","ast-page-background-meta":{"desktop":{"background-color":"","background-image":"","background-repeat":"repeat","background-position":"center center","background-size":"auto","background-attachment":"scroll","background-type":"","background-media":"","overlay-type":"","overlay-color":"","overlay-opacity":"","overlay-gradient":""},"tablet":{"background-color":"","background-image":"","background-repeat":"repeat","background-position":"center center","background-size":"auto","background-attachment":"scroll","background-type":"","background-media":"","overlay-type":"","overlay-color":"","overlay-opacity":"","overlay-gradient":""},"mobile":{"background-color":"","background-image":"","background-repeat":"repeat","background-position":"center center","background-size":"auto","background-attachment":"scroll","background-type":"","background-media":"","overlay-type":"","overlay-color":"","overlay-opacity":"","overlay-gradient":""}},"ast-content-background-meta":{"desktop":{"background-color":"var(--ast-global-color-5)","background-image":"","background-repeat":"repeat","background-position":"center center","background-size":"auto","background-attachment":"scroll","background-type":"","background-media":"","overlay-type":"","overlay-color":"","overlay-opacity":"","overlay-gradient":""},"tablet":{"background-color":"var(--ast-global-color-5)","background-image":"","background-repeat":"repeat","background-position":"center center","background-size":"auto","background-attachment":"scroll","background-type":"","background-media":"","overlay-type":"","overlay-color":"","overlay-opacity":"","overlay-gradient":""},"mobile":{"background-color":"var(--ast-global-color-5)","background-image":"","background-repeat":"repeat","background-position":"center center","background-size":"auto","background-attachment":"scroll","background-type":"","background-media":"","overlay-type":"","overlay-color":"","overlay-opacity":"","overlay-gradient":""}},"footnotes":""},"class_list":["post-420","page","type-page","status-publish","has-post-thumbnail","hentry"],"acf":[],"_links":{"self":[{"href":"https:\/\/elinortekas.se\/en\/wp-json\/wp\/v2\/pages\/420","targetHints":{"allow":["GET"]}}],"collection":[{"href":"https:\/\/elinortekas.se\/en\/wp-json\/wp\/v2\/pages"}],"about":[{"href":"https:\/\/elinortekas.se\/en\/wp-json\/wp\/v2\/types\/page"}],"author":[{"embeddable":true,"href":"https:\/\/elinortekas.se\/en\/wp-json\/wp\/v2\/users\/2"}],"replies":[{"embeddable":true,"href":"https:\/\/elinortekas.se\/en\/wp-json\/wp\/v2\/comments?post=420"}],"version-history":[{"count":0,"href":"https:\/\/elinortekas.se\/en\/wp-json\/wp\/v2\/pages\/420\/revisions"}],"wp:featuredmedia":[{"embeddable":true,"href":"https:\/\/elinortekas.se\/en\/wp-json\/wp\/v2\/media\/2050"}],"wp:attachment":[{"href":"https:\/\/elinortekas.se\/en\/wp-json\/wp\/v2\/media?parent=420"}],"curies":[{"name":"wp","href":"https:\/\/api.w.org\/{rel}","templated":true}]}}